{"id":22,"date":"2017-08-10T13:30:32","date_gmt":"2017-08-10T10:30:32","guid":{"rendered":"http:\/\/www.viherpalvelu.net.testwww.yritysweb.fi\/verkkokauppa\/?page_id=22"},"modified":"2021-04-17T14:55:44","modified_gmt":"2021-04-17T11:55:44","slug":"about","status":"publish","type":"page","link":"https:\/\/www.viherpalvelu.net\/verkkokauppa\/about\/","title":{"rendered":"Viherpalvelu Ettala Oy"},"content":{"rendered":"<p>Viherpalvelu Ettala &amp; Co Oy on toiminut kivi- ja viherrakentamisen alalla 40-vuoden ajan, tarjoten asiakkailleen ammattitaitoista ja luotettavaa palvelua pihakiveyksist\u00e4 suuriin katu- ja torikokonaisuuksiin. Intohimolla ja ammattitaidolla tuotetut kohteet n\u00e4kyv\u00e4t laajalti Turun seudulla ja ymp\u00e4ri Varsinais-Suomea sek\u00e4 Satakuntaa.<\/p>\n<p>Viherpalvelu Ettala ty\u00f6llist\u00e4\u00e4 n. 15 henke\u00e4. Palvelualtis ja ammattitaitoinen henkil\u00f6kuntamme rakentaa upeita kokonaisuuksia toiveidenne mukaan. Pihalaatoitukset, siirtonurmikon asennukset, istutusalueiden teot, istutukset, nurmikon teot yms. viherrakentamiseen liittyv\u00e4t teht\u00e4v\u00e4t ovat jokap\u00e4iv\u00e4ist\u00e4 ty\u00f6t\u00e4mme. Autamme mielell\u00e4mme my\u00f6s piha-alueesi suunnittelussa. Toimitilamme l\u00f6ytyv\u00e4t Turusta, osoitteesta Valurinkatu 11, Turku.<\/p>\n<p>Viherpalvelu Ettala Oy toimii lis\u00e4ksi ARS &#8211; ammattilaisen puutarhaty\u00f6kalujen maahantuojana. Yritys tuo maahan huippulaadukkaita Japanilaisia ARS-puutarhaty\u00f6kaluja. ARS-ty\u00f6kalut valmistaa ARS Corporation, vuodesta 1876. Ty\u00f6kaluvalikoimamme k\u00e4sitt\u00e4\u00e4 mm. seuraavat tuoteryhm\u00e4t: Oksasahat, varsioksasahat, varsisakset, sekat\u00f6\u00f6rit sek\u00e4 voimasakset. Edell\u00e4 mainittuihin on saatavissa my\u00f6s varaosia kauttamme. Puutarhaty\u00f6kaluja tilaat k\u00e4tev\u00e4sti t\u00e4\u00e4lt\u00e4 verkkokaupastamme.<\/p>\n<p>Ota yhteytt\u00e4, me toteutamme toiveesi!<\/p>\n<p>Virallisille yritys-sivuillemme p\u00e4\u00e4set <a href=\"http:\/\/www.viherpalvelu.net\/\" target=\"_blank\" rel=\"noopener\">t\u00e4\u00e4lt\u00e4<\/a><\/p>\n","protected":false},"excerpt":{"rendered":"<p>Viherpalvelu Ettala &amp; Co Oy on toiminut kivi- ja viherrakentamisen alalla 40-vuoden ajan, tarjoten asiakkailleen ammattitaitoista ja luotettavaa palvelua pihakiveyksist\u00e4 suuriin katu- ja torikokonaisuuksiin. Intohimolla ja ammattitaidolla tuotetut kohteet n\u00e4kyv\u00e4t laajalti Turun seudulla ja ymp\u00e4ri Varsinais-Suomea sek\u00e4 Satakuntaa. Viherpalvelu Ettala ty\u00f6llist\u00e4\u00e4 n. 15 henke\u00e4. Palvelualtis ja ammattitaitoinen henkil\u00f6kuntamme rakentaa upeita kokonaisuuksia toiveidenne mukaan. Pihalaatoitukset, siirtonurmikon [&hellip;]<\/p>\n","protected":false},"author":1,"featured_media":0,"parent":0,"menu_order":0,"comment_status":"closed","ping_status":"closed","template":"","meta":{"footnotes":""},"class_list":["post-22","page","type-page","status-publish","hentry"],"yoast_head":"<!-- This site is optimized with the Yoast SEO plugin v27.4 - https:\/\/yoast.com\/product\/yoast-seo-wordpress\/ -->\n<title>Viherpalvelu Ettala Oy - Viherpalvelu Ettala Oy \u2013 Verkkokauppa<\/title>\n<meta name=\"description\" content=\"Viherpalvelu Ettala Oy toimii lis\u00e4ksi ARS - ammattilaisen puutarhaty\u00f6kalujen maahantuojana. Yritys tuo maahan huippulaadukkaita Japanilaisia ARS-puutarhaty\u00f6kaluja. ARS-ty\u00f6kalut valmistaa ARS Corporation, vuodesta 1876.\" \/>\n<meta name=\"robots\" content=\"index, follow, max-snippet:-1, max-image-preview:large, max-video-preview:-1\" \/>\n<link rel=\"canonical\" href=\"https:\/\/www.viherpalvelu.net\/verkkokauppa\/about\/\" \/>\n<meta property=\"og:locale\" content=\"fi_FI\" \/>\n<meta property=\"og:type\" content=\"article\" \/>\n<meta property=\"og:title\" content=\"Viherpalvelu Ettala Oy - Viherpalvelu Ettala Oy \u2013 Verkkokauppa\" \/>\n<meta property=\"og:description\" content=\"Viherpalvelu Ettala Oy toimii lis\u00e4ksi ARS - ammattilaisen puutarhaty\u00f6kalujen maahantuojana. Yritys tuo maahan huippulaadukkaita Japanilaisia ARS-puutarhaty\u00f6kaluja. ARS-ty\u00f6kalut valmistaa ARS Corporation, vuodesta 1876.\" \/>\n<meta property=\"og:url\" content=\"https:\/\/www.viherpalvelu.net\/verkkokauppa\/about\/\" \/>\n<meta property=\"og:site_name\" content=\"Viherpalvelu Ettala Oy \u2013 Verkkokauppa\" \/>\n<meta property=\"article:modified_time\" content=\"2021-04-17T11:55:44+00:00\" \/>\n<meta name=\"twitter:card\" content=\"summary_large_image\" \/>\n<meta name=\"twitter:label1\" content=\"Arvioitu lukuaika\" \/>\n\t<meta name=\"twitter:data1\" content=\"1 minuutti\" \/>\n<script type=\"application\/ld+json\" class=\"yoast-schema-graph\">{\"@context\":\"https:\\\/\\\/schema.org\",\"@graph\":[{\"@type\":\"WebPage\",\"@id\":\"https:\\\/\\\/www.viherpalvelu.net\\\/verkkokauppa\\\/about\\\/\",\"url\":\"https:\\\/\\\/www.viherpalvelu.net\\\/verkkokauppa\\\/about\\\/\",\"name\":\"Viherpalvelu Ettala Oy - Viherpalvelu Ettala Oy \u2013 Verkkokauppa\",\"isPartOf\":{\"@id\":\"https:\\\/\\\/www.viherpalvelu.net\\\/verkkokauppa\\\/#website\"},\"datePublished\":\"2017-08-10T10:30:32+00:00\",\"dateModified\":\"2021-04-17T11:55:44+00:00\",\"description\":\"Viherpalvelu Ettala Oy toimii lis\u00e4ksi ARS - ammattilaisen puutarhaty\u00f6kalujen maahantuojana. Yritys tuo maahan huippulaadukkaita Japanilaisia ARS-puutarhaty\u00f6kaluja. ARS-ty\u00f6kalut valmistaa ARS Corporation, vuodesta 1876.\",\"breadcrumb\":{\"@id\":\"https:\\\/\\\/www.viherpalvelu.net\\\/verkkokauppa\\\/about\\\/#breadcrumb\"},\"inLanguage\":\"fi\",\"potentialAction\":[{\"@type\":\"ReadAction\",\"target\":[\"https:\\\/\\\/www.viherpalvelu.net\\\/verkkokauppa\\\/about\\\/\"]}]},{\"@type\":\"BreadcrumbList\",\"@id\":\"https:\\\/\\\/www.viherpalvelu.net\\\/verkkokauppa\\\/about\\\/#breadcrumb\",\"itemListElement\":[{\"@type\":\"ListItem\",\"position\":1,\"name\":\"Etusivu\",\"item\":\"https:\\\/\\\/www.viherpalvelu.net\\\/verkkokauppa\\\/\"},{\"@type\":\"ListItem\",\"position\":2,\"name\":\"Viherpalvelu Ettala Oy\"}]},{\"@type\":\"WebSite\",\"@id\":\"https:\\\/\\\/www.viherpalvelu.net\\\/verkkokauppa\\\/#website\",\"url\":\"https:\\\/\\\/www.viherpalvelu.net\\\/verkkokauppa\\\/\",\"name\":\"Viherpalvelu Ettala Oy \u2013 Verkkokauppa\",\"description\":\"Tervetuloa kauppaamme!\",\"publisher\":{\"@id\":\"https:\\\/\\\/www.viherpalvelu.net\\\/verkkokauppa\\\/#organization\"},\"potentialAction\":[{\"@type\":\"SearchAction\",\"target\":{\"@type\":\"EntryPoint\",\"urlTemplate\":\"https:\\\/\\\/www.viherpalvelu.net\\\/verkkokauppa\\\/?s={search_term_string}\"},\"query-input\":{\"@type\":\"PropertyValueSpecification\",\"valueRequired\":true,\"valueName\":\"search_term_string\"}}],\"inLanguage\":\"fi\"},{\"@type\":\"Organization\",\"@id\":\"https:\\\/\\\/www.viherpalvelu.net\\\/verkkokauppa\\\/#organization\",\"name\":\"Viherpalvelu Ettala Oy \u2013 Verkkokauppa\",\"url\":\"https:\\\/\\\/www.viherpalvelu.net\\\/verkkokauppa\\\/\",\"logo\":{\"@type\":\"ImageObject\",\"inLanguage\":\"fi\",\"@id\":\"https:\\\/\\\/www.viherpalvelu.net\\\/verkkokauppa\\\/#\\\/schema\\\/logo\\\/image\\\/\",\"url\":\"https:\\\/\\\/www.viherpalvelu.net\\\/verkkokauppa\\\/wp-content\\\/uploads\\\/2021\\\/04\\\/ettala-logo-valkoinen.png\",\"contentUrl\":\"https:\\\/\\\/www.viherpalvelu.net\\\/verkkokauppa\\\/wp-content\\\/uploads\\\/2021\\\/04\\\/ettala-logo-valkoinen.png\",\"width\":470,\"height\":134,\"caption\":\"Viherpalvelu Ettala Oy \u2013 Verkkokauppa\"},\"image\":{\"@id\":\"https:\\\/\\\/www.viherpalvelu.net\\\/verkkokauppa\\\/#\\\/schema\\\/logo\\\/image\\\/\"}}]}<\/script>\n<!-- \/ Yoast SEO plugin. -->","yoast_head_json":{"title":"Viherpalvelu Ettala Oy - Viherpalvelu Ettala Oy \u2013 Verkkokauppa","description":"Viherpalvelu Ettala Oy toimii lis\u00e4ksi ARS - ammattilaisen puutarhaty\u00f6kalujen maahantuojana. Yritys tuo maahan huippulaadukkaita Japanilaisia ARS-puutarhaty\u00f6kaluja. ARS-ty\u00f6kalut valmistaa ARS Corporation, vuodesta 1876.","robots":{"index":"index","follow":"follow","max-snippet":"max-snippet:-1","max-image-preview":"max-image-preview:large","max-video-preview":"max-video-preview:-1"},"canonical":"https:\/\/www.viherpalvelu.net\/verkkokauppa\/about\/","og_locale":"fi_FI","og_type":"article","og_title":"Viherpalvelu Ettala Oy - Viherpalvelu Ettala Oy \u2013 Verkkokauppa","og_description":"Viherpalvelu Ettala Oy toimii lis\u00e4ksi ARS - ammattilaisen puutarhaty\u00f6kalujen maahantuojana. Yritys tuo maahan huippulaadukkaita Japanilaisia ARS-puutarhaty\u00f6kaluja. ARS-ty\u00f6kalut valmistaa ARS Corporation, vuodesta 1876.","og_url":"https:\/\/www.viherpalvelu.net\/verkkokauppa\/about\/","og_site_name":"Viherpalvelu Ettala Oy \u2013 Verkkokauppa","article_modified_time":"2021-04-17T11:55:44+00:00","twitter_card":"summary_large_image","twitter_misc":{"Arvioitu lukuaika":"1 minuutti"},"schema":{"@context":"https:\/\/schema.org","@graph":[{"@type":"WebPage","@id":"https:\/\/www.viherpalvelu.net\/verkkokauppa\/about\/","url":"https:\/\/www.viherpalvelu.net\/verkkokauppa\/about\/","name":"Viherpalvelu Ettala Oy - Viherpalvelu Ettala Oy \u2013 Verkkokauppa","isPartOf":{"@id":"https:\/\/www.viherpalvelu.net\/verkkokauppa\/#website"},"datePublished":"2017-08-10T10:30:32+00:00","dateModified":"2021-04-17T11:55:44+00:00","description":"Viherpalvelu Ettala Oy toimii lis\u00e4ksi ARS - ammattilaisen puutarhaty\u00f6kalujen maahantuojana. Yritys tuo maahan huippulaadukkaita Japanilaisia ARS-puutarhaty\u00f6kaluja. ARS-ty\u00f6kalut valmistaa ARS Corporation, vuodesta 1876.","breadcrumb":{"@id":"https:\/\/www.viherpalvelu.net\/verkkokauppa\/about\/#breadcrumb"},"inLanguage":"fi","potentialAction":[{"@type":"ReadAction","target":["https:\/\/www.viherpalvelu.net\/verkkokauppa\/about\/"]}]},{"@type":"BreadcrumbList","@id":"https:\/\/www.viherpalvelu.net\/verkkokauppa\/about\/#breadcrumb","itemListElement":[{"@type":"ListItem","position":1,"name":"Etusivu","item":"https:\/\/www.viherpalvelu.net\/verkkokauppa\/"},{"@type":"ListItem","position":2,"name":"Viherpalvelu Ettala Oy"}]},{"@type":"WebSite","@id":"https:\/\/www.viherpalvelu.net\/verkkokauppa\/#website","url":"https:\/\/www.viherpalvelu.net\/verkkokauppa\/","name":"Viherpalvelu Ettala Oy \u2013 Verkkokauppa","description":"Tervetuloa kauppaamme!","publisher":{"@id":"https:\/\/www.viherpalvelu.net\/verkkokauppa\/#organization"},"potentialAction":[{"@type":"SearchAction","target":{"@type":"EntryPoint","urlTemplate":"https:\/\/www.viherpalvelu.net\/verkkokauppa\/?s={search_term_string}"},"query-input":{"@type":"PropertyValueSpecification","valueRequired":true,"valueName":"search_term_string"}}],"inLanguage":"fi"},{"@type":"Organization","@id":"https:\/\/www.viherpalvelu.net\/verkkokauppa\/#organization","name":"Viherpalvelu Ettala Oy \u2013 Verkkokauppa","url":"https:\/\/www.viherpalvelu.net\/verkkokauppa\/","logo":{"@type":"ImageObject","inLanguage":"fi","@id":"https:\/\/www.viherpalvelu.net\/verkkokauppa\/#\/schema\/logo\/image\/","url":"https:\/\/www.viherpalvelu.net\/verkkokauppa\/wp-content\/uploads\/2021\/04\/ettala-logo-valkoinen.png","contentUrl":"https:\/\/www.viherpalvelu.net\/verkkokauppa\/wp-content\/uploads\/2021\/04\/ettala-logo-valkoinen.png","width":470,"height":134,"caption":"Viherpalvelu Ettala Oy \u2013 Verkkokauppa"},"image":{"@id":"https:\/\/www.viherpalvelu.net\/verkkokauppa\/#\/schema\/logo\/image\/"}}]}},"_links":{"self":[{"href":"https:\/\/www.viherpalvelu.net\/verkkokauppa\/wp-json\/wp\/v2\/pages\/22","targetHints":{"allow":["GET"]}}],"collection":[{"href":"https:\/\/www.viherpalvelu.net\/verkkokauppa\/wp-json\/wp\/v2\/pages"}],"about":[{"href":"https:\/\/www.viherpalvelu.net\/verkkokauppa\/wp-json\/wp\/v2\/types\/page"}],"author":[{"embeddable":true,"href":"https:\/\/www.viherpalvelu.net\/verkkokauppa\/wp-json\/wp\/v2\/users\/1"}],"replies":[{"embeddable":true,"href":"https:\/\/www.viherpalvelu.net\/verkkokauppa\/wp-json\/wp\/v2\/comments?post=22"}],"version-history":[{"count":4,"href":"https:\/\/www.viherpalvelu.net\/verkkokauppa\/wp-json\/wp\/v2\/pages\/22\/revisions"}],"predecessor-version":[{"id":210,"href":"https:\/\/www.viherpalvelu.net\/verkkokauppa\/wp-json\/wp\/v2\/pages\/22\/revisions\/210"}],"wp:attachment":[{"href":"https:\/\/www.viherpalvelu.net\/verkkokauppa\/wp-json\/wp\/v2\/media?parent=22"}],"curies":[{"name":"wp","href":"https:\/\/api.w.org\/{rel}","templated":true}]}}