{"id":266,"date":"2017-10-10T12:13:07","date_gmt":"2017-10-10T09:13:07","guid":{"rendered":"http:\/\/www.viherpalvelu.net.testwww.yritysweb.fi\/verkkokauppa\/?page_id=266"},"modified":"2023-08-10T15:46:10","modified_gmt":"2023-08-10T12:46:10","slug":"tilaus-ja-toimitusehdot","status":"publish","type":"page","link":"https:\/\/www.viherpalvelu.net\/verkkokauppa\/tilaus-ja-toimitusehdot\/","title":{"rendered":"Tilaus- ja toimitusehdot"},"content":{"rendered":"<p>YLEISET EHDOT<\/p>\n<p>Verkkokauppa Viherpalvelu.net (j\u00e4ljemp\u00e4n\u00e4 verkkokauppa) on Viherpalvelu Ettala &amp; Co OY:n yll\u00e4pit\u00e4m\u00e4 markkinapaikka, jossa Viherpalvelu Ettala myy puutarhaty\u00f6kaluja ja n\u00e4ihin liittyvi\u00e4 varaosia. N\u00e4it\u00e4 sopimusehtoja sovelletaan verkkokaupan ja sen asiakkaiden v\u00e4lisess\u00e4 kauppasuhteessa.<\/p>\n<p>Viherpalvelu Ettala &amp; Co Oy pid\u00e4tt\u00e4\u00e4 oikeuden muuttaa n\u00e4it\u00e4 sopimusehtoja yksipuolisella p\u00e4\u00e4t\u00f6ksell\u00e4 ilman ennakkoilmoitusta. Tilauksiin sovelletaan tilaushetkell\u00e4 voimassa olevia sopimusehtoja, jotka ovat esill\u00e4 verkkokaupan internet-sivuilla. Laissa tapahtuvat muutokset astuvat voimaan heti sellaisenaan, ellei laissa ole toisin m\u00e4\u00e4r\u00e4tty.<\/p>\n<p>Viherpalvelu Ettala &amp; CO Oy ei vastaa vahingosta, joka aiheutuu ylivoimaisesta esteest\u00e4. Ylivoimaisena esteen\u00e4 pidet\u00e4\u00e4n sellaista ennalta arvaamatonta seikkaa tai olosuhteiden muutosta, joka on Viherpalvelu Ettala &amp; Co Oy:n vaikutusmahdollisuuksien ulkopuolella ja jota se ei kohtuudella voi voittaa. Viherpalvelu Ettala &amp; CO Oy on velvollinen ilmoittamaan niin pian kuin se on mahdollista sit\u00e4 kohdanneesta ylivoimaisesta esteest\u00e4.<\/p>\n<p>&nbsp;<\/p>\n<p>ASIAKAS<\/p>\n<p>Viherpalvelu Ettala &amp; CO Oy myy tuotteita ja palveluita yksityishenkil\u00f6ille (j\u00e4ljemp\u00e4n\u00e4 yksityisasiakas), yritys- julkishallinto ja yhteis\u00f6asiakkaille (j\u00e4ljemp\u00e4n\u00e4 yritysasiakas). Molemmista asiakasryhmist\u00e4 puhutaan j\u00e4ljemp\u00e4n\u00e4 termill\u00e4 asiakas.<\/p>\n<p>Yksityisasiakkaiden kaupassa noudatetaan voimassa olevaa Suomen ja Euroopan Unionin kuluttajasuojalains\u00e4\u00e4d\u00e4nt\u00f6\u00e4. N\u00e4m\u00e4 sopimusehdot eiv\u00e4t ole voimassa silt\u00e4 osin kuin ne rajoittavat yksityisasiakkaan oikeuksia siit\u00e4 mit\u00e4 pakottavassa lains\u00e4\u00e4d\u00e4nn\u00f6ss\u00e4 on m\u00e4\u00e4r\u00e4tty.<\/p>\n<p>Yritysasiakkaiden ja Viherpalvelu Ettala &amp; Co OY:n v\u00e4lisess\u00e4 kauppasopimuksessa sovelletaan Suomen kauppalakia ellei n\u00e4iss\u00e4 sopimusehdoissa ole toisin m\u00e4\u00e4r\u00e4tty. Asiakas on velvollinen luovuttamaan tilausta tehdess\u00e4\u00e4n t\u00e4ydelliset yhteystietonsa, jotka sis\u00e4lt\u00e4v\u00e4t yksityisasiakkaalta v\u00e4hint\u00e4\u00e4n nimen, osoitteen ja s\u00e4hk\u00f6postiosoitteen. Yritysasiakkailta vaadittavat tiedot ovat yhteyshenkil\u00f6n nimi, s\u00e4hk\u00f6posti, sek\u00e4 y-tunnus, postiosoite ja tarvittaessa laskutusosoite.<\/p>\n<p>Viherpalvelu Ettala &amp; CO Oy ei ole vastuussa vaikutuspiirins\u00e4 ulkopuolelta tulevien, ennalta arvaamattomien muutosten aiheuttamista viiv\u00e4styksist\u00e4. Sitova kauppasopimus astuu voimaan tilauksen kirjauduttua Viherpalvelu Ettala &amp; Co OY:n j\u00e4rjestelm\u00e4\u00e4n.<\/p>\n<p>&nbsp;<\/p>\n<p>TUOTTEET JA HINNASTO<\/p>\n<p>Hinnat sis\u00e4lt\u00e4v\u00e4t arvonlis\u00e4veron, mutta eiv\u00e4t kuljetusta. Jos hinnastossa on selvi\u00e4 hintavirheit\u00e4, tuotetta ei myyd\u00e4 selv\u00e4sti alempaan hintaan, jos voidaan olettaa asiakkaan ymm\u00e4rt\u00e4neen virheen olemassaolo.<\/p>\n<p>Tuotteen hinnan noustessa, ennen l\u00e4hetyksen k\u00e4sittely\u00e4, Verkkokaupasta tilatut tuotteet toimitetaan alkuper\u00e4isell\u00e4 hinnalla. Jos tilaukseen tehd\u00e4\u00e4n muutoksia, m\u00e4\u00e4r\u00e4ytyy tuotteen hinta muutoshetken mukaisesti. Hinnan laskiessa toimitamme tuotteen automaattisesti uudella halvemmalla hinnalla.<\/p>\n<p>&nbsp;<\/p>\n<p>Viherpalvelu Ettala &amp; CO Oy pid\u00e4tt\u00e4\u00e4 oikeuden rajoittaa tuotteiden myynti\u00e4 poikkeuksellisen suurissa eriss\u00e4.<\/p>\n<p>Peruutuksen yhteydess\u00e4 tilauksesta mahdollisesti aiheutuneet kustannukset perit\u00e4\u00e4n kokonaisuudessaan ostajalta.<\/p>\n<p>&nbsp;<\/p>\n<p>MAKSUTAVAT<\/p>\n<p>Ajankohtainen lista maksutavoista l\u00f6ytyy verkkokaupasta<\/p>\n<p>Maksunv\u00e4lityspalvelun toteuttajana ja maksupalveluntarjoajana toimii Paytrail Oyj (2122839-7) yhteisty\u00f6ss\u00e4 suomalaisten pankkien ja luottolaitosten kanssa. Paytrail Oyj n\u00e4kyy maksun saajana tiliotteella tai korttilaskulla ja v\u00e4litt\u00e4\u00e4 maksun kauppiaalle. Paytrail Oyj:ll\u00e4 on maksulaitoksen toimilupa. Reklamaatiotapauksissa pyyd\u00e4mme ottamaan ensisijaisesti yhteytt\u00e4 tuotteen toimittajaan.<\/p>\n<p>Paytrail Oyj, y-tunnus: 2122839-7<br \/>\nInnova 2<br \/>\nLutakonaukio 7<br \/>\n40100 Jyv\u00e4skyl\u00e4<br \/>\nwww.paytrail.com <\/p>\n<p>Alisa Yrityslaskulla onnistuu pelkkien yhteystietojen ja vahvan tunnistautumisen avulla. Riitt\u00e4\u00e4, ett\u00e4 pystymme varmistamaan ostajan ja h\u00e4nen edustamansa yrityksen v\u00e4lisen yhteyden. Maksutavan k\u00e4ytt\u00f6 edellytt\u00e4\u00e4 suomalaista y-tunnusta ja ostoksen tekij\u00e4lt\u00e4 suomalaisen pankin verkkopankkitunnuksia. Ostajan osto-oikeus varmistetaan digitaalisesti. T\u00e4t\u00e4 varten suosittelemme, ett\u00e4 ostaja k\u00e4ytt\u00e4\u00e4 ostosta tehdess\u00e4 yrityksen tarjoamaa puhelinnumeroa ja s\u00e4hk\u00f6postiosoitetta.<\/p>\n<p>Lasku l\u00e4hetet\u00e4\u00e4n Alisa Yrityslaskun toimesta ensisijaisesti verkkolaskuna, mutta my\u00f6s s\u00e4hk\u00f6postilasku ja paperilasku ovat mahdollisia. Yritysten viralliset verkkolaskuosoitteet ovat valmiina tiedossa, joten my\u00f6s laskutusosoitteen valinta on helppoa. Ostolaskun k\u00e4sittely on suunniteltu yritysostajan kannalta mahdollisimman sujuvaksi ja ostaja saa lis\u00e4tty\u00e4 laskulle laskun kohdentamiseen tarvittavat viitetiedot.<\/p>\n<p>Alisa Yrityslasku tarjoaa kolme eri maksuaikaa: 14 p\u00e4iv\u00e4\u00e4, 30 p\u00e4iv\u00e4\u00e4 ja 60 p\u00e4iv\u00e4\u00e4. Laskutuslis\u00e4 vaihtelee valitun maksuajan mukaan: 14 p\u00e4iv\u00e4\u00e4 9,90 \u20ac, 30 p\u00e4iv\u00e4\u00e4 19,90 \u20ac ja 60 p\u00e4iv\u00e4\u00e4 29,90 \u20ac. Alisa Yrityslaskun luottoraja on 5000 \u20ac.<\/p>\n<p>Mik\u00e4li sinulla on kysytt\u00e4v\u00e4\u00e4 Alisa Yrityslaskusta, olethan yhteydess\u00e4 Alisan asiakaspalveluun:<br \/>\n\u2022 S\u00e4hk\u00f6posti: yritysrahoitus@alisapankki.fi<br \/>\n\u2022 Puhelinnumero: 0293 230 910 (Arkisin klo 9-17, 0,1717 \u20ac \/min)<\/p>\n<p>Alisa Yrityslaskun mahdollistaa Alisa Pankki Oyj.<\/p>\n<p>Lis\u00e4tietoja Alisa Yrityslaskusta l\u00f6ytyy seuraavasta linkist\u00e4: <a href=\"https:\/\/www.alisapankki.fi\/yritysasiakas\/yrityslasku\" rel=\"noopener\" target=\"_blank\">B2B-maksutapa verkkokauppoihin | Alisa Pankki<\/a><\/p>\n<p>&nbsp;<\/p>\n<p>TOIMITUSTAVAT<\/p>\n<p>Verkkokaupan toimitustapa on posti.<\/p>\n<p>Postitse l\u00e4hetyskulut ovat 13 euroa. Verkkokaupan tuotteita toimitetaan vain Suomeen. Tilauksen k\u00e4sittelyaika on keskim\u00e4\u00e4rin 2 ty\u00f6p\u00e4iv\u00e4\u00e4 automaattisen tilausvahvistuksen l\u00e4hett\u00e4misest\u00e4.<\/p>\n<p>Asiakas on velvollinen tarkastamaan tuotteen 14 p\u00e4iv\u00e4n kuluessa.<\/p>\n<p>&nbsp;<\/p>\n<p>PALAUTUSOIKEUS<\/p>\n<p>Et\u00e4myynniss\u00e4 k\u00e4ytt\u00e4m\u00e4tt\u00f6mill\u00e4 tuotteilla on kuluttajasuojalain mukainen palautusoikeus. Lain tarkoituksena on antaa kuluttajan tutustua tuotteeseen niin kuin se olisi mahdollista myym\u00e4l\u00e4ss\u00e4. Viherpalvelu Ettala &amp; Co Oy my\u00f6nt\u00e4\u00e4 asiakkaalle lain hengen mukaisen oikeuden tutustua pakkauksen sis\u00e4lt\u00f6\u00f6n. Tuotepakkauksen avaaminen tulee suorittaa yleist\u00e4 varovaisuutta noudattaen.<\/p>\n<p>Asiakaspalautuksista tulee olla yhteydess\u00e4 Viherpalvelu Ettalaan arkisin klo 8-16 puh. 0500 530\u00a0730 tai s\u00e4hk\u00f6postilla <a href=\"mailto:info@viherpalvelu.net\">info@viherpalvelu.net<\/a><\/p>\n<p>&nbsp;<\/p>\n<p>TAKUU JA VIRHEVASTUU<\/p>\n<p>Takuu m\u00e4\u00e4r\u00e4ytyy tuotteen valmistajan m\u00e4\u00e4rittelemien takuuehtojen mukaisesti.<\/p>\n<p>&nbsp;<\/p>\n<p>REKLAMAATIO<\/p>\n<p>Asiakas on velvollinen esitt\u00e4m\u00e4\u00e4n ostotodistuksen, kuitin tai muun todistuksen ostopaikasta ja ajankohdasta palautuksen yhteydess\u00e4 tai reklamoidessaan tavaran virheest\u00e4.<\/p>\n<p>Viherpalvelu Ettala &amp; CO Oy pid\u00e4tt\u00e4\u00e4 oikeuden peri\u00e4 kuitin etsinn\u00e4n aiheuttamat kustannukset ostajalta.<\/p>\n<p>Reklamaatiot k\u00e4sitell\u00e4\u00e4n ainoastaan kirjallisesti, ja sen voi toimittaa s\u00e4hk\u00f6postilla osoitteeseen <a href=\"mailto:info@viherpalvelu.net\">info@viherpalvelu.net<\/a> tai postitse osoitteeseen Valurinkatu 11, 20360 Turku<\/p>\n<p>&nbsp;<\/p>\n<p>Verkkosivuilla on mahdollisuus j\u00e4tt\u00e4\u00e4 asiakaspalautetta.<\/p>\n<p>&nbsp;<\/p>\n<p>Asiakkaalla on oikeus saattaa t\u00e4st\u00e4 sopimuksesta syntyv\u00e4t erimielisyydet kuluttajariitalautakunnan ratkaistaviksi. Asiakas voi nostaa t\u00e4st\u00e4 velkasuhteesta aiheutuvia riitaisuuksia koskevan kanteen Viherpalvelu Ettala &amp; CO Oy:t\u00e4 vastaan Turun k\u00e4r\u00e4j\u00e4oikeudessa.<\/p>\n<p>&nbsp;<\/p>\n<p>VASTUUN JAKAUTUMINEN<\/p>\n<p>Tuotteet myyd\u00e4\u00e4n aina sellaisina kuin ne ovat. Viherpalvelu Ettala &amp; Co Oy ei ole vastuussa tuotteiden tai palveluiden virheest\u00e4 ja \/ tai k\u00e4yt\u00f6st\u00e4 aiheutuneista v\u00e4lillisist\u00e4 tai v\u00e4litt\u00f6mist\u00e4 kuluista eik\u00e4 tulonmenetyksist\u00e4. Viherpalvelu Ettala &amp; Co Oy:n korvausvastuu rajoittuu aina n\u00e4iden sopimusehtojen sis\u00e4lt\u00f6\u00f6n. Tuotevirhevastuu rajoittuu mahdolliseen kauppahinnan palauttamiseen t\u00e4ytt\u00f6hy\u00f6dyll\u00e4 v\u00e4hennettyn\u00e4.<\/p>\n<p>&nbsp;<\/p>\n","protected":false},"excerpt":{"rendered":"<p>YLEISET EHDOT Verkkokauppa Viherpalvelu.net (j\u00e4ljemp\u00e4n\u00e4 verkkokauppa) on Viherpalvelu Ettala &amp; Co OY:n yll\u00e4pit\u00e4m\u00e4 markkinapaikka, jossa Viherpalvelu Ettala myy puutarhaty\u00f6kaluja ja n\u00e4ihin liittyvi\u00e4 varaosia. N\u00e4it\u00e4 sopimusehtoja sovelletaan verkkokaupan ja sen asiakkaiden v\u00e4lisess\u00e4 kauppasuhteessa. Viherpalvelu Ettala &amp; Co Oy pid\u00e4tt\u00e4\u00e4 oikeuden muuttaa n\u00e4it\u00e4 sopimusehtoja yksipuolisella p\u00e4\u00e4t\u00f6ksell\u00e4 ilman ennakkoilmoitusta. Tilauksiin sovelletaan tilaushetkell\u00e4 voimassa olevia sopimusehtoja, jotka ovat esill\u00e4 [&hellip;]<\/p>\n","protected":false},"author":1,"featured_media":0,"parent":0,"menu_order":0,"comment_status":"closed","ping_status":"closed","template":"","meta":{"footnotes":""},"class_list":["post-266","page","type-page","status-publish","hentry"],"yoast_head":"<!-- This site is optimized with the Yoast SEO plugin v27.4 - https:\/\/yoast.com\/product\/yoast-seo-wordpress\/ -->\n<title>Tilaus- ja toimitusehdot - Viherpalvelu Ettala Oy \u2013 Verkkokauppa<\/title>\n<meta name=\"robots\" content=\"index, follow, max-snippet:-1, max-image-preview:large, max-video-preview:-1\" \/>\n<link rel=\"canonical\" href=\"https:\/\/www.viherpalvelu.net\/verkkokauppa\/tilaus-ja-toimitusehdot\/\" \/>\n<meta property=\"og:locale\" content=\"fi_FI\" \/>\n<meta property=\"og:type\" content=\"article\" \/>\n<meta property=\"og:title\" content=\"Tilaus- ja toimitusehdot - Viherpalvelu Ettala Oy \u2013 Verkkokauppa\" \/>\n<meta property=\"og:description\" content=\"YLEISET EHDOT Verkkokauppa Viherpalvelu.net (j\u00e4ljemp\u00e4n\u00e4 verkkokauppa) on Viherpalvelu Ettala &amp; Co OY:n yll\u00e4pit\u00e4m\u00e4 markkinapaikka, jossa Viherpalvelu Ettala myy puutarhaty\u00f6kaluja ja n\u00e4ihin liittyvi\u00e4 varaosia. N\u00e4it\u00e4 sopimusehtoja sovelletaan verkkokaupan ja sen asiakkaiden v\u00e4lisess\u00e4 kauppasuhteessa. Viherpalvelu Ettala &amp; Co Oy pid\u00e4tt\u00e4\u00e4 oikeuden muuttaa n\u00e4it\u00e4 sopimusehtoja yksipuolisella p\u00e4\u00e4t\u00f6ksell\u00e4 ilman ennakkoilmoitusta. Tilauksiin sovelletaan tilaushetkell\u00e4 voimassa olevia sopimusehtoja, jotka ovat esill\u00e4 [&hellip;]\" \/>\n<meta property=\"og:url\" content=\"https:\/\/www.viherpalvelu.net\/verkkokauppa\/tilaus-ja-toimitusehdot\/\" \/>\n<meta property=\"og:site_name\" content=\"Viherpalvelu Ettala Oy \u2013 Verkkokauppa\" \/>\n<meta property=\"article:modified_time\" content=\"2023-08-10T12:46:10+00:00\" \/>\n<meta name=\"twitter:card\" content=\"summary_large_image\" \/>\n<meta name=\"twitter:label1\" content=\"Arvioitu lukuaika\" \/>\n\t<meta name=\"twitter:data1\" content=\"4 minuuttia\" \/>\n<script type=\"application\/ld+json\" class=\"yoast-schema-graph\">{\"@context\":\"https:\\\/\\\/schema.org\",\"@graph\":[{\"@type\":\"WebPage\",\"@id\":\"https:\\\/\\\/www.viherpalvelu.net\\\/verkkokauppa\\\/tilaus-ja-toimitusehdot\\\/\",\"url\":\"https:\\\/\\\/www.viherpalvelu.net\\\/verkkokauppa\\\/tilaus-ja-toimitusehdot\\\/\",\"name\":\"Tilaus- ja toimitusehdot - Viherpalvelu Ettala Oy \u2013 Verkkokauppa\",\"isPartOf\":{\"@id\":\"https:\\\/\\\/www.viherpalvelu.net\\\/verkkokauppa\\\/#website\"},\"datePublished\":\"2017-10-10T09:13:07+00:00\",\"dateModified\":\"2023-08-10T12:46:10+00:00\",\"breadcrumb\":{\"@id\":\"https:\\\/\\\/www.viherpalvelu.net\\\/verkkokauppa\\\/tilaus-ja-toimitusehdot\\\/#breadcrumb\"},\"inLanguage\":\"fi\",\"potentialAction\":[{\"@type\":\"ReadAction\",\"target\":[\"https:\\\/\\\/www.viherpalvelu.net\\\/verkkokauppa\\\/tilaus-ja-toimitusehdot\\\/\"]}]},{\"@type\":\"BreadcrumbList\",\"@id\":\"https:\\\/\\\/www.viherpalvelu.net\\\/verkkokauppa\\\/tilaus-ja-toimitusehdot\\\/#breadcrumb\",\"itemListElement\":[{\"@type\":\"ListItem\",\"position\":1,\"name\":\"Etusivu\",\"item\":\"https:\\\/\\\/www.viherpalvelu.net\\\/verkkokauppa\\\/\"},{\"@type\":\"ListItem\",\"position\":2,\"name\":\"Tilaus- ja toimitusehdot\"}]},{\"@type\":\"WebSite\",\"@id\":\"https:\\\/\\\/www.viherpalvelu.net\\\/verkkokauppa\\\/#website\",\"url\":\"https:\\\/\\\/www.viherpalvelu.net\\\/verkkokauppa\\\/\",\"name\":\"Viherpalvelu Ettala Oy \u2013 Verkkokauppa\",\"description\":\"Tervetuloa kauppaamme!\",\"publisher\":{\"@id\":\"https:\\\/\\\/www.viherpalvelu.net\\\/verkkokauppa\\\/#organization\"},\"potentialAction\":[{\"@type\":\"SearchAction\",\"target\":{\"@type\":\"EntryPoint\",\"urlTemplate\":\"https:\\\/\\\/www.viherpalvelu.net\\\/verkkokauppa\\\/?s={search_term_string}\"},\"query-input\":{\"@type\":\"PropertyValueSpecification\",\"valueRequired\":true,\"valueName\":\"search_term_string\"}}],\"inLanguage\":\"fi\"},{\"@type\":\"Organization\",\"@id\":\"https:\\\/\\\/www.viherpalvelu.net\\\/verkkokauppa\\\/#organization\",\"name\":\"Viherpalvelu Ettala Oy \u2013 Verkkokauppa\",\"url\":\"https:\\\/\\\/www.viherpalvelu.net\\\/verkkokauppa\\\/\",\"logo\":{\"@type\":\"ImageObject\",\"inLanguage\":\"fi\",\"@id\":\"https:\\\/\\\/www.viherpalvelu.net\\\/verkkokauppa\\\/#\\\/schema\\\/logo\\\/image\\\/\",\"url\":\"https:\\\/\\\/www.viherpalvelu.net\\\/verkkokauppa\\\/wp-content\\\/uploads\\\/2021\\\/04\\\/ettala-logo-valkoinen.png\",\"contentUrl\":\"https:\\\/\\\/www.viherpalvelu.net\\\/verkkokauppa\\\/wp-content\\\/uploads\\\/2021\\\/04\\\/ettala-logo-valkoinen.png\",\"width\":470,\"height\":134,\"caption\":\"Viherpalvelu Ettala Oy \u2013 Verkkokauppa\"},\"image\":{\"@id\":\"https:\\\/\\\/www.viherpalvelu.net\\\/verkkokauppa\\\/#\\\/schema\\\/logo\\\/image\\\/\"}}]}<\/script>\n<!-- \/ Yoast SEO plugin. -->","yoast_head_json":{"title":"Tilaus- ja toimitusehdot - Viherpalvelu Ettala Oy \u2013 Verkkokauppa","robots":{"index":"index","follow":"follow","max-snippet":"max-snippet:-1","max-image-preview":"max-image-preview:large","max-video-preview":"max-video-preview:-1"},"canonical":"https:\/\/www.viherpalvelu.net\/verkkokauppa\/tilaus-ja-toimitusehdot\/","og_locale":"fi_FI","og_type":"article","og_title":"Tilaus- ja toimitusehdot - Viherpalvelu Ettala Oy \u2013 Verkkokauppa","og_description":"YLEISET EHDOT Verkkokauppa Viherpalvelu.net (j\u00e4ljemp\u00e4n\u00e4 verkkokauppa) on Viherpalvelu Ettala &amp; Co OY:n yll\u00e4pit\u00e4m\u00e4 markkinapaikka, jossa Viherpalvelu Ettala myy puutarhaty\u00f6kaluja ja n\u00e4ihin liittyvi\u00e4 varaosia. N\u00e4it\u00e4 sopimusehtoja sovelletaan verkkokaupan ja sen asiakkaiden v\u00e4lisess\u00e4 kauppasuhteessa. Viherpalvelu Ettala &amp; Co Oy pid\u00e4tt\u00e4\u00e4 oikeuden muuttaa n\u00e4it\u00e4 sopimusehtoja yksipuolisella p\u00e4\u00e4t\u00f6ksell\u00e4 ilman ennakkoilmoitusta. Tilauksiin sovelletaan tilaushetkell\u00e4 voimassa olevia sopimusehtoja, jotka ovat esill\u00e4 [&hellip;]","og_url":"https:\/\/www.viherpalvelu.net\/verkkokauppa\/tilaus-ja-toimitusehdot\/","og_site_name":"Viherpalvelu Ettala Oy \u2013 Verkkokauppa","article_modified_time":"2023-08-10T12:46:10+00:00","twitter_card":"summary_large_image","twitter_misc":{"Arvioitu lukuaika":"4 minuuttia"},"schema":{"@context":"https:\/\/schema.org","@graph":[{"@type":"WebPage","@id":"https:\/\/www.viherpalvelu.net\/verkkokauppa\/tilaus-ja-toimitusehdot\/","url":"https:\/\/www.viherpalvelu.net\/verkkokauppa\/tilaus-ja-toimitusehdot\/","name":"Tilaus- ja toimitusehdot - Viherpalvelu Ettala Oy \u2013 Verkkokauppa","isPartOf":{"@id":"https:\/\/www.viherpalvelu.net\/verkkokauppa\/#website"},"datePublished":"2017-10-10T09:13:07+00:00","dateModified":"2023-08-10T12:46:10+00:00","breadcrumb":{"@id":"https:\/\/www.viherpalvelu.net\/verkkokauppa\/tilaus-ja-toimitusehdot\/#breadcrumb"},"inLanguage":"fi","potentialAction":[{"@type":"ReadAction","target":["https:\/\/www.viherpalvelu.net\/verkkokauppa\/tilaus-ja-toimitusehdot\/"]}]},{"@type":"BreadcrumbList","@id":"https:\/\/www.viherpalvelu.net\/verkkokauppa\/tilaus-ja-toimitusehdot\/#breadcrumb","itemListElement":[{"@type":"ListItem","position":1,"name":"Etusivu","item":"https:\/\/www.viherpalvelu.net\/verkkokauppa\/"},{"@type":"ListItem","position":2,"name":"Tilaus- ja toimitusehdot"}]},{"@type":"WebSite","@id":"https:\/\/www.viherpalvelu.net\/verkkokauppa\/#website","url":"https:\/\/www.viherpalvelu.net\/verkkokauppa\/","name":"Viherpalvelu Ettala Oy \u2013 Verkkokauppa","description":"Tervetuloa kauppaamme!","publisher":{"@id":"https:\/\/www.viherpalvelu.net\/verkkokauppa\/#organization"},"potentialAction":[{"@type":"SearchAction","target":{"@type":"EntryPoint","urlTemplate":"https:\/\/www.viherpalvelu.net\/verkkokauppa\/?s={search_term_string}"},"query-input":{"@type":"PropertyValueSpecification","valueRequired":true,"valueName":"search_term_string"}}],"inLanguage":"fi"},{"@type":"Organization","@id":"https:\/\/www.viherpalvelu.net\/verkkokauppa\/#organization","name":"Viherpalvelu Ettala Oy \u2013 Verkkokauppa","url":"https:\/\/www.viherpalvelu.net\/verkkokauppa\/","logo":{"@type":"ImageObject","inLanguage":"fi","@id":"https:\/\/www.viherpalvelu.net\/verkkokauppa\/#\/schema\/logo\/image\/","url":"https:\/\/www.viherpalvelu.net\/verkkokauppa\/wp-content\/uploads\/2021\/04\/ettala-logo-valkoinen.png","contentUrl":"https:\/\/www.viherpalvelu.net\/verkkokauppa\/wp-content\/uploads\/2021\/04\/ettala-logo-valkoinen.png","width":470,"height":134,"caption":"Viherpalvelu Ettala Oy \u2013 Verkkokauppa"},"image":{"@id":"https:\/\/www.viherpalvelu.net\/verkkokauppa\/#\/schema\/logo\/image\/"}}]}},"_links":{"self":[{"href":"https:\/\/www.viherpalvelu.net\/verkkokauppa\/wp-json\/wp\/v2\/pages\/266","targetHints":{"allow":["GET"]}}],"collection":[{"href":"https:\/\/www.viherpalvelu.net\/verkkokauppa\/wp-json\/wp\/v2\/pages"}],"about":[{"href":"https:\/\/www.viherpalvelu.net\/verkkokauppa\/wp-json\/wp\/v2\/types\/page"}],"author":[{"embeddable":true,"href":"https:\/\/www.viherpalvelu.net\/verkkokauppa\/wp-json\/wp\/v2\/users\/1"}],"replies":[{"embeddable":true,"href":"https:\/\/www.viherpalvelu.net\/verkkokauppa\/wp-json\/wp\/v2\/comments?post=266"}],"version-history":[{"count":5,"href":"https:\/\/www.viherpalvelu.net\/verkkokauppa\/wp-json\/wp\/v2\/pages\/266\/revisions"}],"predecessor-version":[{"id":641,"href":"https:\/\/www.viherpalvelu.net\/verkkokauppa\/wp-json\/wp\/v2\/pages\/266\/revisions\/641"}],"wp:attachment":[{"href":"https:\/\/www.viherpalvelu.net\/verkkokauppa\/wp-json\/wp\/v2\/media?parent=266"}],"curies":[{"name":"wp","href":"https:\/\/api.w.org\/{rel}","templated":true}]}}