{"id":141,"date":"2017-09-24T14:27:10","date_gmt":"2017-09-24T11:27:10","guid":{"rendered":"http:\/\/www.viherpalvelu.net.testwww.yritysweb.fi\/verkkokauppa\/?post_type=product&#038;p=141"},"modified":"2023-01-31T13:50:30","modified_gmt":"2023-01-31T11:50:30","slug":"ars-sakset-310-dx","status":"publish","type":"product","link":"https:\/\/www.viherpalvelu.net\/verkkokauppa\/tuote\/ars-sakset-310-dx\/","title":{"rendered":"ARS sakset <br>310-DX"},"content":{"rendered":"<table>\n<tbody>\n<tr>\n<th>Pintak\u00e4sittely<\/th>\n<th>Hammasv\u00e4li<\/th>\n<th>Paksuus<\/th>\n<th>Pituus<\/th>\n<th>Paino<\/th>\n<\/tr>\n<tr>\n<td>Ruostumaton ter\u00e4s<\/td>\n<td>&#8211;<\/td>\n<td>&#8211;<\/td>\n<td>170mm<\/td>\n<td>110g<\/td>\n<\/tr>\n<\/tbody>\n<\/table>\n","protected":false},"excerpt":{"rendered":"<p>Pintak\u00e4sittely Hammasv\u00e4li Paksuus Pituus Paino Ruostumaton ter\u00e4s &#8211; &#8211; 170mm 110g<\/p>\n","protected":false},"featured_media":565,"comment_status":"open","ping_status":"closed","template":"","meta":[],"product_brand":[],"product_cat":[21],"product_tag":[],"class_list":{"0":"post-141","1":"product","2":"type-product","3":"status-publish","4":"has-post-thumbnail","6":"product_cat-sakset","8":"first","9":"instock","10":"taxable","11":"shipping-taxable","12":"purchasable","13":"product-type-simple"},"yoast_head":"<!-- This site is optimized with the Yoast SEO plugin v27.4 - https:\/\/yoast.com\/product\/yoast-seo-wordpress\/ -->\n<title>ARS sakset 310-DX - Viherpalvelu Ettala Oy \u2013 Verkkokauppa<\/title>\n<meta name=\"robots\" content=\"index, follow, max-snippet:-1, max-image-preview:large, max-video-preview:-1\" \/>\n<link rel=\"canonical\" href=\"https:\/\/www.viherpalvelu.net\/verkkokauppa\/tuote\/ars-sakset-310-dx\/\" \/>\n<meta property=\"og:locale\" content=\"fi_FI\" \/>\n<meta property=\"og:type\" content=\"article\" \/>\n<meta property=\"og:title\" content=\"ARS sakset 310-DX - Viherpalvelu Ettala Oy \u2013 Verkkokauppa\" \/>\n<meta property=\"og:description\" content=\"Pintak\u00e4sittely Hammasv\u00e4li Paksuus Pituus Paino Ruostumaton ter\u00e4s &#8211; &#8211; 170mm 110g\" \/>\n<meta property=\"og:url\" content=\"https:\/\/www.viherpalvelu.net\/verkkokauppa\/tuote\/ars-sakset-310-dx\/\" \/>\n<meta property=\"og:site_name\" content=\"Viherpalvelu Ettala Oy \u2013 Verkkokauppa\" \/>\n<meta property=\"article:modified_time\" content=\"2023-01-31T11:50:30+00:00\" \/>\n<meta property=\"og:image\" content=\"https:\/\/www.viherpalvelu.net\/verkkokauppa\/wp-content\/uploads\/2017\/09\/310DX.png\" \/>\n\t<meta property=\"og:image:width\" content=\"800\" \/>\n\t<meta property=\"og:image:height\" content=\"800\" \/>\n\t<meta property=\"og:image:type\" content=\"image\/png\" \/>\n<meta name=\"twitter:card\" content=\"summary_large_image\" \/>\n<script type=\"application\/ld+json\" class=\"yoast-schema-graph\">{\"@context\":\"https:\\\/\\\/schema.org\",\"@graph\":[{\"@type\":\"WebPage\",\"@id\":\"https:\\\/\\\/www.viherpalvelu.net\\\/verkkokauppa\\\/tuote\\\/ars-sakset-310-dx\\\/\",\"url\":\"https:\\\/\\\/www.viherpalvelu.net\\\/verkkokauppa\\\/tuote\\\/ars-sakset-310-dx\\\/\",\"name\":\"ARS sakset 310-DX - Viherpalvelu Ettala Oy \u2013 Verkkokauppa\",\"isPartOf\":{\"@id\":\"https:\\\/\\\/www.viherpalvelu.net\\\/verkkokauppa\\\/#website\"},\"primaryImageOfPage\":{\"@id\":\"https:\\\/\\\/www.viherpalvelu.net\\\/verkkokauppa\\\/tuote\\\/ars-sakset-310-dx\\\/#primaryimage\"},\"image\":{\"@id\":\"https:\\\/\\\/www.viherpalvelu.net\\\/verkkokauppa\\\/tuote\\\/ars-sakset-310-dx\\\/#primaryimage\"},\"thumbnailUrl\":\"https:\\\/\\\/www.viherpalvelu.net\\\/verkkokauppa\\\/wp-content\\\/uploads\\\/2017\\\/09\\\/310DX.png\",\"datePublished\":\"2017-09-24T11:27:10+00:00\",\"dateModified\":\"2023-01-31T11:50:30+00:00\",\"breadcrumb\":{\"@id\":\"https:\\\/\\\/www.viherpalvelu.net\\\/verkkokauppa\\\/tuote\\\/ars-sakset-310-dx\\\/#breadcrumb\"},\"inLanguage\":\"fi\",\"potentialAction\":[{\"@type\":\"ReadAction\",\"target\":[\"https:\\\/\\\/www.viherpalvelu.net\\\/verkkokauppa\\\/tuote\\\/ars-sakset-310-dx\\\/\"]}]},{\"@type\":\"ImageObject\",\"inLanguage\":\"fi\",\"@id\":\"https:\\\/\\\/www.viherpalvelu.net\\\/verkkokauppa\\\/tuote\\\/ars-sakset-310-dx\\\/#primaryimage\",\"url\":\"https:\\\/\\\/www.viherpalvelu.net\\\/verkkokauppa\\\/wp-content\\\/uploads\\\/2017\\\/09\\\/310DX.png\",\"contentUrl\":\"https:\\\/\\\/www.viherpalvelu.net\\\/verkkokauppa\\\/wp-content\\\/uploads\\\/2017\\\/09\\\/310DX.png\",\"width\":800,\"height\":800},{\"@type\":\"BreadcrumbList\",\"@id\":\"https:\\\/\\\/www.viherpalvelu.net\\\/verkkokauppa\\\/tuote\\\/ars-sakset-310-dx\\\/#breadcrumb\",\"itemListElement\":[{\"@type\":\"ListItem\",\"position\":1,\"name\":\"Etusivu\",\"item\":\"https:\\\/\\\/www.viherpalvelu.net\\\/verkkokauppa\\\/\"},{\"@type\":\"ListItem\",\"position\":2,\"name\":\"Tervetuloa ARS-ty\u00f6kalujen kauppaan!\",\"item\":\"https:\\\/\\\/www.viherpalvelu.net\\\/verkkokauppa\\\/\"},{\"@type\":\"ListItem\",\"position\":3,\"name\":\"ARS sakset 310-DX\"}]},{\"@type\":\"WebSite\",\"@id\":\"https:\\\/\\\/www.viherpalvelu.net\\\/verkkokauppa\\\/#website\",\"url\":\"https:\\\/\\\/www.viherpalvelu.net\\\/verkkokauppa\\\/\",\"name\":\"Viherpalvelu Ettala Oy \u2013 Verkkokauppa\",\"description\":\"Tervetuloa kauppaamme!\",\"publisher\":{\"@id\":\"https:\\\/\\\/www.viherpalvelu.net\\\/verkkokauppa\\\/#organization\"},\"potentialAction\":[{\"@type\":\"SearchAction\",\"target\":{\"@type\":\"EntryPoint\",\"urlTemplate\":\"https:\\\/\\\/www.viherpalvelu.net\\\/verkkokauppa\\\/?s={search_term_string}\"},\"query-input\":{\"@type\":\"PropertyValueSpecification\",\"valueRequired\":true,\"valueName\":\"search_term_string\"}}],\"inLanguage\":\"fi\"},{\"@type\":\"Organization\",\"@id\":\"https:\\\/\\\/www.viherpalvelu.net\\\/verkkokauppa\\\/#organization\",\"name\":\"Viherpalvelu Ettala Oy \u2013 Verkkokauppa\",\"url\":\"https:\\\/\\\/www.viherpalvelu.net\\\/verkkokauppa\\\/\",\"logo\":{\"@type\":\"ImageObject\",\"inLanguage\":\"fi\",\"@id\":\"https:\\\/\\\/www.viherpalvelu.net\\\/verkkokauppa\\\/#\\\/schema\\\/logo\\\/image\\\/\",\"url\":\"https:\\\/\\\/www.viherpalvelu.net\\\/verkkokauppa\\\/wp-content\\\/uploads\\\/2021\\\/04\\\/ettala-logo-valkoinen.png\",\"contentUrl\":\"https:\\\/\\\/www.viherpalvelu.net\\\/verkkokauppa\\\/wp-content\\\/uploads\\\/2021\\\/04\\\/ettala-logo-valkoinen.png\",\"width\":470,\"height\":134,\"caption\":\"Viherpalvelu Ettala Oy \u2013 Verkkokauppa\"},\"image\":{\"@id\":\"https:\\\/\\\/www.viherpalvelu.net\\\/verkkokauppa\\\/#\\\/schema\\\/logo\\\/image\\\/\"}}]}<\/script>\n<!-- \/ Yoast SEO plugin. -->","yoast_head_json":{"title":"ARS sakset 310-DX - Viherpalvelu Ettala Oy \u2013 Verkkokauppa","robots":{"index":"index","follow":"follow","max-snippet":"max-snippet:-1","max-image-preview":"max-image-preview:large","max-video-preview":"max-video-preview:-1"},"canonical":"https:\/\/www.viherpalvelu.net\/verkkokauppa\/tuote\/ars-sakset-310-dx\/","og_locale":"fi_FI","og_type":"article","og_title":"ARS sakset 310-DX - Viherpalvelu Ettala Oy \u2013 Verkkokauppa","og_description":"Pintak\u00e4sittely Hammasv\u00e4li Paksuus Pituus Paino Ruostumaton ter\u00e4s &#8211; &#8211; 170mm 110g","og_url":"https:\/\/www.viherpalvelu.net\/verkkokauppa\/tuote\/ars-sakset-310-dx\/","og_site_name":"Viherpalvelu Ettala Oy \u2013 Verkkokauppa","article_modified_time":"2023-01-31T11:50:30+00:00","og_image":[{"width":800,"height":800,"url":"https:\/\/www.viherpalvelu.net\/verkkokauppa\/wp-content\/uploads\/2017\/09\/310DX.png","type":"image\/png"}],"twitter_card":"summary_large_image","schema":{"@context":"https:\/\/schema.org","@graph":[{"@type":"WebPage","@id":"https:\/\/www.viherpalvelu.net\/verkkokauppa\/tuote\/ars-sakset-310-dx\/","url":"https:\/\/www.viherpalvelu.net\/verkkokauppa\/tuote\/ars-sakset-310-dx\/","name":"ARS sakset 310-DX - Viherpalvelu Ettala Oy \u2013 Verkkokauppa","isPartOf":{"@id":"https:\/\/www.viherpalvelu.net\/verkkokauppa\/#website"},"primaryImageOfPage":{"@id":"https:\/\/www.viherpalvelu.net\/verkkokauppa\/tuote\/ars-sakset-310-dx\/#primaryimage"},"image":{"@id":"https:\/\/www.viherpalvelu.net\/verkkokauppa\/tuote\/ars-sakset-310-dx\/#primaryimage"},"thumbnailUrl":"https:\/\/www.viherpalvelu.net\/verkkokauppa\/wp-content\/uploads\/2017\/09\/310DX.png","datePublished":"2017-09-24T11:27:10+00:00","dateModified":"2023-01-31T11:50:30+00:00","breadcrumb":{"@id":"https:\/\/www.viherpalvelu.net\/verkkokauppa\/tuote\/ars-sakset-310-dx\/#breadcrumb"},"inLanguage":"fi","potentialAction":[{"@type":"ReadAction","target":["https:\/\/www.viherpalvelu.net\/verkkokauppa\/tuote\/ars-sakset-310-dx\/"]}]},{"@type":"ImageObject","inLanguage":"fi","@id":"https:\/\/www.viherpalvelu.net\/verkkokauppa\/tuote\/ars-sakset-310-dx\/#primaryimage","url":"https:\/\/www.viherpalvelu.net\/verkkokauppa\/wp-content\/uploads\/2017\/09\/310DX.png","contentUrl":"https:\/\/www.viherpalvelu.net\/verkkokauppa\/wp-content\/uploads\/2017\/09\/310DX.png","width":800,"height":800},{"@type":"BreadcrumbList","@id":"https:\/\/www.viherpalvelu.net\/verkkokauppa\/tuote\/ars-sakset-310-dx\/#breadcrumb","itemListElement":[{"@type":"ListItem","position":1,"name":"Etusivu","item":"https:\/\/www.viherpalvelu.net\/verkkokauppa\/"},{"@type":"ListItem","position":2,"name":"Tervetuloa ARS-ty\u00f6kalujen kauppaan!","item":"https:\/\/www.viherpalvelu.net\/verkkokauppa\/"},{"@type":"ListItem","position":3,"name":"ARS sakset 310-DX"}]},{"@type":"WebSite","@id":"https:\/\/www.viherpalvelu.net\/verkkokauppa\/#website","url":"https:\/\/www.viherpalvelu.net\/verkkokauppa\/","name":"Viherpalvelu Ettala Oy \u2013 Verkkokauppa","description":"Tervetuloa kauppaamme!","publisher":{"@id":"https:\/\/www.viherpalvelu.net\/verkkokauppa\/#organization"},"potentialAction":[{"@type":"SearchAction","target":{"@type":"EntryPoint","urlTemplate":"https:\/\/www.viherpalvelu.net\/verkkokauppa\/?s={search_term_string}"},"query-input":{"@type":"PropertyValueSpecification","valueRequired":true,"valueName":"search_term_string"}}],"inLanguage":"fi"},{"@type":"Organization","@id":"https:\/\/www.viherpalvelu.net\/verkkokauppa\/#organization","name":"Viherpalvelu Ettala Oy \u2013 Verkkokauppa","url":"https:\/\/www.viherpalvelu.net\/verkkokauppa\/","logo":{"@type":"ImageObject","inLanguage":"fi","@id":"https:\/\/www.viherpalvelu.net\/verkkokauppa\/#\/schema\/logo\/image\/","url":"https:\/\/www.viherpalvelu.net\/verkkokauppa\/wp-content\/uploads\/2021\/04\/ettala-logo-valkoinen.png","contentUrl":"https:\/\/www.viherpalvelu.net\/verkkokauppa\/wp-content\/uploads\/2021\/04\/ettala-logo-valkoinen.png","width":470,"height":134,"caption":"Viherpalvelu Ettala Oy \u2013 Verkkokauppa"},"image":{"@id":"https:\/\/www.viherpalvelu.net\/verkkokauppa\/#\/schema\/logo\/image\/"}}]}},"_links":{"self":[{"href":"https:\/\/www.viherpalvelu.net\/verkkokauppa\/wp-json\/wp\/v2\/product\/141","targetHints":{"allow":["GET"]}}],"collection":[{"href":"https:\/\/www.viherpalvelu.net\/verkkokauppa\/wp-json\/wp\/v2\/product"}],"about":[{"href":"https:\/\/www.viherpalvelu.net\/verkkokauppa\/wp-json\/wp\/v2\/types\/product"}],"replies":[{"embeddable":true,"href":"https:\/\/www.viherpalvelu.net\/verkkokauppa\/wp-json\/wp\/v2\/comments?post=141"}],"wp:featuredmedia":[{"embeddable":true,"href":"https:\/\/www.viherpalvelu.net\/verkkokauppa\/wp-json\/wp\/v2\/media\/565"}],"wp:attachment":[{"href":"https:\/\/www.viherpalvelu.net\/verkkokauppa\/wp-json\/wp\/v2\/media?parent=141"}],"wp:term":[{"taxonomy":"product_brand","embeddable":true,"href":"https:\/\/www.viherpalvelu.net\/verkkokauppa\/wp-json\/wp\/v2\/product_brand?post=141"},{"taxonomy":"product_cat","embeddable":true,"href":"https:\/\/www.viherpalvelu.net\/verkkokauppa\/wp-json\/wp\/v2\/product_cat?post=141"},{"taxonomy":"product_tag","embeddable":true,"href":"https:\/\/www.viherpalvelu.net\/verkkokauppa\/wp-json\/wp\/v2\/product_tag?post=141"}],"curies":[{"name":"wp","href":"https:\/\/api.w.org\/{rel}","templated":true}]}}